{"id":7039,"date":"2025-04-26T11:37:17","date_gmt":"2025-04-26T11:37:17","guid":{"rendered":"https:\/\/dariabaeb2b.com\/?post_type=product&#038;p=7039"},"modified":"2025-04-29T15:09:58","modified_gmt":"2025-04-29T15:09:58","slug":"pareo-alicia","status":"publish","type":"product","link":"https:\/\/dariabaeb2b.com\/en\/product\/pareo-alicia\/","title":{"rendered":"Pareo ALICIA"},"content":{"rendered":"","protected":false},"excerpt":{"rendered":"<p>M\u00e1s que un complemento, el pareo Vera es una declaraci\u00f3n de estilo. Dise\u00f1ado en el mismo tejido acanalado que define su elegancia, envuelve la silueta con suavidad, resaltando la belleza natural de quien lo lleva. Su dise\u00f1o envolvente con volantes aporta un sutil movimiento, evocando la ligereza de la brisa marina. Vers\u00e1til y atemporal, este pareo se convierte en el aliado perfecto para transformar cualquier look de ba\u00f1o en una propuesta refinada, elevando la experiencia del resort a una expresi\u00f3n de arte vestible.<\/p>\n<p>90% poliamida reciclada<br \/>\n10% elastano<br \/>\nNylon regenerado ECONYL\u00ae<br \/>\nProtecci\u00f3n UV SPF +50<br \/>\nResistente al cloro<br \/>\nResistente al aceite y crema solar<br \/>\nCobertura total con cero transparencias<br \/>\nLigera compresi\u00f3n muscular<br \/>\nCertificado OEKO-TEX Standard 100 (prueba anti sustancias nocivas)<\/p>","protected":false},"featured_media":7004,"comment_status":"closed","ping_status":"closed","template":"","meta":[],"product_brand":[],"product_cat":[32],"product_tag":[],"class_list":{"0":"post-7039","1":"product","2":"type-product","3":"status-publish","4":"has-post-thumbnail","6":"product_cat-resort","8":"first","9":"instock","10":"shipping-taxable","11":"purchasable","12":"product-type-simple"},"_links":{"self":[{"href":"https:\/\/dariabaeb2b.com\/en\/wp-json\/wp\/v2\/product\/7039","targetHints":{"allow":["GET"]}}],"collection":[{"href":"https:\/\/dariabaeb2b.com\/en\/wp-json\/wp\/v2\/product"}],"about":[{"href":"https:\/\/dariabaeb2b.com\/en\/wp-json\/wp\/v2\/types\/product"}],"replies":[{"embeddable":true,"href":"https:\/\/dariabaeb2b.com\/en\/wp-json\/wp\/v2\/comments?post=7039"}],"wp:featuredmedia":[{"embeddable":true,"href":"https:\/\/dariabaeb2b.com\/en\/wp-json\/wp\/v2\/media\/7004"}],"wp:attachment":[{"href":"https:\/\/dariabaeb2b.com\/en\/wp-json\/wp\/v2\/media?parent=7039"}],"wp:term":[{"taxonomy":"product_brand","embeddable":true,"href":"https:\/\/dariabaeb2b.com\/en\/wp-json\/wp\/v2\/product_brand?post=7039"},{"taxonomy":"product_cat","embeddable":true,"href":"https:\/\/dariabaeb2b.com\/en\/wp-json\/wp\/v2\/product_cat?post=7039"},{"taxonomy":"product_tag","embeddable":true,"href":"https:\/\/dariabaeb2b.com\/en\/wp-json\/wp\/v2\/product_tag?post=7039"}],"curies":[{"name":"wp","href":"https:\/\/api.w.org\/{rel}","templated":true}]}}