{"id":7045,"date":"2025-04-26T11:49:04","date_gmt":"2025-04-26T11:49:04","guid":{"rendered":"https:\/\/dariabaeb2b.com\/?post_type=product&#038;p=7045"},"modified":"2025-04-29T14:45:50","modified_gmt":"2025-04-29T14:45:50","slug":"bikini-vera","status":"publish","type":"product","link":"https:\/\/dariabaeb2b.com\/en\/product\/bikini-vera\/","title":{"rendered":"Bikini VERA"},"content":{"rendered":"","protected":false},"excerpt":{"rendered":"<p>La versi\u00f3n m\u00e1s atrevida de Alicia. Un bikini de tri\u00e1ngulo ic\u00f3nico, sin artificios, donde la fuerza y la transparenciadefinen su esencia. Para mujeres que no temen mostrarse tal como son.<\/p>\n<p>90% poliamida reciclada<br \/>\n10% elastano<br \/>\nNylon regenerado ECONYL\u00ae<br \/>\nProtecci\u00f3n UV SPF +50<br \/>\nResistente al cloro<br \/>\nResistente al aceite y crema solar<br \/>\nCobertura total con cero transparencias<br \/>\nLigera compresi\u00f3n muscular<br \/>\nCertificado OEKO-TEX Standard 100 (prueba anti sustancias nocivas)<\/p>\n<p>| Combinable con bikini ALICIA |<\/p>","protected":false},"featured_media":7046,"comment_status":"closed","ping_status":"closed","template":"","meta":[],"product_brand":[],"product_cat":[31],"product_tag":[],"class_list":{"0":"post-7045","1":"product","2":"type-product","3":"status-publish","4":"has-post-thumbnail","6":"product_cat-bikinis","8":"first","9":"instock","10":"shipping-taxable","11":"purchasable","12":"product-type-simple"},"_links":{"self":[{"href":"https:\/\/dariabaeb2b.com\/en\/wp-json\/wp\/v2\/product\/7045","targetHints":{"allow":["GET"]}}],"collection":[{"href":"https:\/\/dariabaeb2b.com\/en\/wp-json\/wp\/v2\/product"}],"about":[{"href":"https:\/\/dariabaeb2b.com\/en\/wp-json\/wp\/v2\/types\/product"}],"replies":[{"embeddable":true,"href":"https:\/\/dariabaeb2b.com\/en\/wp-json\/wp\/v2\/comments?post=7045"}],"wp:featuredmedia":[{"embeddable":true,"href":"https:\/\/dariabaeb2b.com\/en\/wp-json\/wp\/v2\/media\/7046"}],"wp:attachment":[{"href":"https:\/\/dariabaeb2b.com\/en\/wp-json\/wp\/v2\/media?parent=7045"}],"wp:term":[{"taxonomy":"product_brand","embeddable":true,"href":"https:\/\/dariabaeb2b.com\/en\/wp-json\/wp\/v2\/product_brand?post=7045"},{"taxonomy":"product_cat","embeddable":true,"href":"https:\/\/dariabaeb2b.com\/en\/wp-json\/wp\/v2\/product_cat?post=7045"},{"taxonomy":"product_tag","embeddable":true,"href":"https:\/\/dariabaeb2b.com\/en\/wp-json\/wp\/v2\/product_tag?post=7045"}],"curies":[{"name":"wp","href":"https:\/\/api.w.org\/{rel}","templated":true}]}}