{"id":7054,"date":"2025-04-26T18:34:42","date_gmt":"2025-04-26T18:34:42","guid":{"rendered":"https:\/\/dariabaeb2b.com\/?post_type=product&#038;p=7054"},"modified":"2025-04-29T15:08:44","modified_gmt":"2025-04-29T15:08:44","slug":"bikini-frunce-verde","status":"publish","type":"product","link":"https:\/\/dariabaeb2b.com\/en\/product\/bikini-frunce-verde\/","title":{"rendered":"Bikini FRUNCE"},"content":{"rendered":"","protected":false},"excerpt":{"rendered":"<p>FRUNCE es la expresi\u00f3n de la textura y el movimiento, donde los pliegues<br \/>\nestrat\u00e9gicos realzan la silueta con elegancia y sofisticaci\u00f3n. Dise\u00f1ados en tejidos<br \/>\nsostenibles, estos bikinis combinan comodidad, exclusividad y un lujo que se<br \/>\nadapta a ti.<\/p>\n<p>Nylon regenerado ECONYL\u00ae<br \/>\n78% Poliamida reciclada<br \/>\n22% Elastano<br \/>\nProtecci\u00f3n UV SPF +50<br \/>\nResistente al cloro<br \/>\nResistente al aceite y crema solar<br \/>\nCobertura total con cero transparencias<br \/>\nLigera compresi\u00f3n muscular<br \/>\nCertificado OEKO-TEX Standard 100 (prueba anti sustancias nocivas)<\/p>","protected":false},"featured_media":6992,"comment_status":"closed","ping_status":"closed","template":"","meta":[],"product_brand":[],"product_cat":[31],"product_tag":[],"class_list":{"0":"post-7054","1":"product","2":"type-product","3":"status-publish","4":"has-post-thumbnail","6":"product_cat-bikinis","8":"first","9":"instock","10":"shipping-taxable","11":"purchasable","12":"product-type-simple"},"_links":{"self":[{"href":"https:\/\/dariabaeb2b.com\/en\/wp-json\/wp\/v2\/product\/7054","targetHints":{"allow":["GET"]}}],"collection":[{"href":"https:\/\/dariabaeb2b.com\/en\/wp-json\/wp\/v2\/product"}],"about":[{"href":"https:\/\/dariabaeb2b.com\/en\/wp-json\/wp\/v2\/types\/product"}],"replies":[{"embeddable":true,"href":"https:\/\/dariabaeb2b.com\/en\/wp-json\/wp\/v2\/comments?post=7054"}],"wp:featuredmedia":[{"embeddable":true,"href":"https:\/\/dariabaeb2b.com\/en\/wp-json\/wp\/v2\/media\/6992"}],"wp:attachment":[{"href":"https:\/\/dariabaeb2b.com\/en\/wp-json\/wp\/v2\/media?parent=7054"}],"wp:term":[{"taxonomy":"product_brand","embeddable":true,"href":"https:\/\/dariabaeb2b.com\/en\/wp-json\/wp\/v2\/product_brand?post=7054"},{"taxonomy":"product_cat","embeddable":true,"href":"https:\/\/dariabaeb2b.com\/en\/wp-json\/wp\/v2\/product_cat?post=7054"},{"taxonomy":"product_tag","embeddable":true,"href":"https:\/\/dariabaeb2b.com\/en\/wp-json\/wp\/v2\/product_tag?post=7054"}],"curies":[{"name":"wp","href":"https:\/\/api.w.org\/{rel}","templated":true}]}}