{"id":7061,"date":"2025-04-26T18:42:08","date_gmt":"2025-04-26T18:42:08","guid":{"rendered":"https:\/\/dariabaeb2b.com\/?post_type=product&#038;p=7061"},"modified":"2025-04-26T19:35:29","modified_gmt":"2025-04-26T19:35:29","slug":"banador-atenea","status":"publish","type":"product","link":"https:\/\/dariabaeb2b.com\/en\/product\/banador-atenea\/","title":{"rendered":"Ba\u00f1ador ATENEA"},"content":{"rendered":"","protected":false},"excerpt":{"rendered":"<p style=\"text-align: justify;\">Atenea, en la mitolog\u00eda griega, era la diosa de la sabidur\u00eda, la estrategia militar, la artesan\u00eda, la justicia y la habilidad. Es una figura que encarna cualidades propias de Aries como el liderazgo, la valent\u00eda y la astucia. Atenea y Aries tienen un esp\u00edritu guerrero y representan el principio de la acci\u00f3n, el impulso hacia adelante. Atenea es un ba\u00f1ador todoterreno con exterior de textura piqu\u00e9 que le aporta una apariencia elegante para que pueda ser utilizado tanto para un resort como para una actividad f\u00edsica en el agua. Gran sujeci\u00f3n y pecho ajustable.<\/p>\n<p>EXTERIOR: poliamida reciclada textura piqu\u00e9 rojo.<br \/>\nINTERIOR LAZOS: poliamida reciclada textura piqu\u00e9 salm\u00f3n.<br \/>\nFORRO: poliamida reciclada textura lisa salm\u00f3n.<\/p>\n<p>91% Poliamida reciclada<br \/>\n9% Elastano<br \/>\nNylon regenerado ECONYL\u00ae<br \/>\nProtecci\u00f3n UV SPF +50<br \/>\nResistente al cloro<br \/>\nResistente al aceite y crema solar<br \/>\nForro poliamida reciclada 90% + elastano 10%<br \/>\nCertificado OEKO-TEX Standard 100 (prueba anti sustancias nocivas)<\/p>","protected":false},"featured_media":7062,"comment_status":"closed","ping_status":"closed","template":"","meta":[],"product_brand":[],"product_cat":[33,34],"product_tag":[],"class_list":{"0":"post-7061","1":"product","2":"type-product","3":"status-publish","4":"has-post-thumbnail","6":"product_cat-banadores","7":"product_cat-coleccion-aries","9":"first","10":"instock","11":"shipping-taxable","12":"purchasable","13":"product-type-simple"},"_links":{"self":[{"href":"https:\/\/dariabaeb2b.com\/en\/wp-json\/wp\/v2\/product\/7061","targetHints":{"allow":["GET"]}}],"collection":[{"href":"https:\/\/dariabaeb2b.com\/en\/wp-json\/wp\/v2\/product"}],"about":[{"href":"https:\/\/dariabaeb2b.com\/en\/wp-json\/wp\/v2\/types\/product"}],"replies":[{"embeddable":true,"href":"https:\/\/dariabaeb2b.com\/en\/wp-json\/wp\/v2\/comments?post=7061"}],"wp:featuredmedia":[{"embeddable":true,"href":"https:\/\/dariabaeb2b.com\/en\/wp-json\/wp\/v2\/media\/7062"}],"wp:attachment":[{"href":"https:\/\/dariabaeb2b.com\/en\/wp-json\/wp\/v2\/media?parent=7061"}],"wp:term":[{"taxonomy":"product_brand","embeddable":true,"href":"https:\/\/dariabaeb2b.com\/en\/wp-json\/wp\/v2\/product_brand?post=7061"},{"taxonomy":"product_cat","embeddable":true,"href":"https:\/\/dariabaeb2b.com\/en\/wp-json\/wp\/v2\/product_cat?post=7061"},{"taxonomy":"product_tag","embeddable":true,"href":"https:\/\/dariabaeb2b.com\/en\/wp-json\/wp\/v2\/product_tag?post=7061"}],"curies":[{"name":"wp","href":"https:\/\/api.w.org\/{rel}","templated":true}]}}