{"id":7090,"date":"2025-04-26T20:14:02","date_gmt":"2025-04-26T20:14:02","guid":{"rendered":"https:\/\/dariabaeb2b.com\/?post_type=product&#038;p=7090"},"modified":"2025-04-29T10:26:38","modified_gmt":"2025-04-29T10:26:38","slug":"banador-quadratura","status":"publish","type":"product","link":"https:\/\/dariabaeb2b.com\/en\/product\/banador-quadratura\/","title":{"rendered":"Ba\u00f1ador QUADRATURA"},"content":{"rendered":"","protected":false},"excerpt":{"rendered":"<p>En la naturaleza, en el arte, en la arquitectura\u2026 todo tiene una proporci\u00f3n sagrada, una geometr\u00eda que rige la belleza. QUADRATURA nace de esa b\u00fasqueda del equilibrio perfecto entre estructura y fluidez, creando ba\u00f1adores con cortes geom\u00e9tricos<\/p>\n<p>78% Poliamida reciclada.<br \/>\n22% Elastano.<br \/>\nNylon Regenerado ECONYL\u00ae<br \/>\nProtecci\u00f3n UV SPF +50<br \/>\nResistente al cloro.<br \/>\nResistente al aceite y crema solar.<br \/>\nCertificado OEKO-TEX Standard 100 (prueba anti sustancias nocivas).<\/p>","protected":false},"featured_media":7103,"comment_status":"closed","ping_status":"closed","template":"","meta":[],"product_brand":[],"product_cat":[33],"product_tag":[],"class_list":{"0":"post-7090","1":"product","2":"type-product","3":"status-publish","4":"has-post-thumbnail","6":"product_cat-banadores","8":"first","9":"instock","10":"shipping-taxable","11":"purchasable","12":"product-type-simple"},"_links":{"self":[{"href":"https:\/\/dariabaeb2b.com\/en\/wp-json\/wp\/v2\/product\/7090","targetHints":{"allow":["GET"]}}],"collection":[{"href":"https:\/\/dariabaeb2b.com\/en\/wp-json\/wp\/v2\/product"}],"about":[{"href":"https:\/\/dariabaeb2b.com\/en\/wp-json\/wp\/v2\/types\/product"}],"replies":[{"embeddable":true,"href":"https:\/\/dariabaeb2b.com\/en\/wp-json\/wp\/v2\/comments?post=7090"}],"wp:featuredmedia":[{"embeddable":true,"href":"https:\/\/dariabaeb2b.com\/en\/wp-json\/wp\/v2\/media\/7103"}],"wp:attachment":[{"href":"https:\/\/dariabaeb2b.com\/en\/wp-json\/wp\/v2\/media?parent=7090"}],"wp:term":[{"taxonomy":"product_brand","embeddable":true,"href":"https:\/\/dariabaeb2b.com\/en\/wp-json\/wp\/v2\/product_brand?post=7090"},{"taxonomy":"product_cat","embeddable":true,"href":"https:\/\/dariabaeb2b.com\/en\/wp-json\/wp\/v2\/product_cat?post=7090"},{"taxonomy":"product_tag","embeddable":true,"href":"https:\/\/dariabaeb2b.com\/en\/wp-json\/wp\/v2\/product_tag?post=7090"}],"curies":[{"name":"wp","href":"https:\/\/api.w.org\/{rel}","templated":true}]}}