{"id":7104,"date":"2025-04-26T20:29:23","date_gmt":"2025-04-26T20:29:23","guid":{"rendered":"https:\/\/dariabaeb2b.com\/?post_type=product&#038;p=7104"},"modified":"2025-04-29T10:42:59","modified_gmt":"2025-04-29T10:42:59","slug":"bikini-quadratura","status":"publish","type":"product","link":"https:\/\/dariabaeb2b.com\/en\/product\/bikini-quadratura\/","title":{"rendered":"Bikini QUADRATURA"},"content":{"rendered":"","protected":false},"excerpt":{"rendered":"<p>Quadratura es la fusi\u00f3n perfecta entre arte, geometr\u00eda y sostenibilidad. Dise\u00f1amos bikinis de lujo con cortes precisos y tejidos regenerados, realzando la belleza con exclusividad y conciencia. Una nueva visi\u00f3n del glamour atemporal, creada para mujeres que buscan elegancia con prop\u00f3sito.<\/p>\n<p>Cobertura total con cero transparencias. Ligera compresi\u00f3n muscular.<br \/>\nNylon regenerado ECONYL\u00ae<br \/>\n78% Poliamida reciclada<br \/>\n22% Elastano<br \/>\nProtecci\u00f3n UV SPF +50<br \/>\nResistente al cloro<br \/>\nResistente al aceite y crema solar<br \/>\nCertificado OEKO-TEX Standard 100 (prueba anti sustancias nocivas)<\/p>","protected":false},"featured_media":7105,"comment_status":"closed","ping_status":"closed","template":"","meta":[],"product_brand":[],"product_cat":[31],"product_tag":[],"class_list":{"0":"post-7104","1":"product","2":"type-product","3":"status-publish","4":"has-post-thumbnail","6":"product_cat-bikinis","8":"first","9":"instock","10":"shipping-taxable","11":"purchasable","12":"product-type-simple"},"_links":{"self":[{"href":"https:\/\/dariabaeb2b.com\/en\/wp-json\/wp\/v2\/product\/7104","targetHints":{"allow":["GET"]}}],"collection":[{"href":"https:\/\/dariabaeb2b.com\/en\/wp-json\/wp\/v2\/product"}],"about":[{"href":"https:\/\/dariabaeb2b.com\/en\/wp-json\/wp\/v2\/types\/product"}],"replies":[{"embeddable":true,"href":"https:\/\/dariabaeb2b.com\/en\/wp-json\/wp\/v2\/comments?post=7104"}],"wp:featuredmedia":[{"embeddable":true,"href":"https:\/\/dariabaeb2b.com\/en\/wp-json\/wp\/v2\/media\/7105"}],"wp:attachment":[{"href":"https:\/\/dariabaeb2b.com\/en\/wp-json\/wp\/v2\/media?parent=7104"}],"wp:term":[{"taxonomy":"product_brand","embeddable":true,"href":"https:\/\/dariabaeb2b.com\/en\/wp-json\/wp\/v2\/product_brand?post=7104"},{"taxonomy":"product_cat","embeddable":true,"href":"https:\/\/dariabaeb2b.com\/en\/wp-json\/wp\/v2\/product_cat?post=7104"},{"taxonomy":"product_tag","embeddable":true,"href":"https:\/\/dariabaeb2b.com\/en\/wp-json\/wp\/v2\/product_tag?post=7104"}],"curies":[{"name":"wp","href":"https:\/\/api.w.org\/{rel}","templated":true}]}}