{"id":7118,"date":"2025-04-26T20:48:55","date_gmt":"2025-04-26T20:48:55","guid":{"rendered":"https:\/\/dariabaeb2b.com\/?post_type=product&#038;p=7118"},"modified":"2025-04-29T10:41:55","modified_gmt":"2025-04-29T10:41:55","slug":"bikini-semisestile","status":"publish","type":"product","link":"https:\/\/dariabaeb2b.com\/en\/product\/bikini-semisestile\/","title":{"rendered":"Bikini SEMISESTILE"},"content":{"rendered":"","protected":false},"excerpt":{"rendered":"<p>SEMISETILE es la uni\u00f3n entre sensualidad y armon\u00eda, donde los bikinis fluyen con el cuerpo en un equilibrio perfecto entre dise\u00f1o y naturaleza. Confeccionados en tejidos sostenibles y acabados exclusivos, transmiten sofisticaci\u00f3n, movimiento y un lujo consciente.<\/p>\n<p>Cobertura total con cero transparencias. Ligera compresi\u00f3n muscular.<br \/>\nNylon regenerado ECONYL\u00ae<br \/>\n78% Poliamida reciclada<br \/>\n22% Elastano<br \/>\nProtecci\u00f3n UV SPF +50<br \/>\nResistente al cloro<br \/>\nResistente al aceite y crema solar<br \/>\nCertificado OEKO-TEX Standard 100 (prueba anti sustancias nocivas)<\/p>","protected":false},"featured_media":7122,"comment_status":"closed","ping_status":"closed","template":"","meta":[],"product_brand":[],"product_cat":[31],"product_tag":[],"class_list":{"0":"post-7118","1":"product","2":"type-product","3":"status-publish","4":"has-post-thumbnail","6":"product_cat-bikinis","8":"first","9":"instock","10":"shipping-taxable","11":"purchasable","12":"product-type-simple"},"_links":{"self":[{"href":"https:\/\/dariabaeb2b.com\/en\/wp-json\/wp\/v2\/product\/7118","targetHints":{"allow":["GET"]}}],"collection":[{"href":"https:\/\/dariabaeb2b.com\/en\/wp-json\/wp\/v2\/product"}],"about":[{"href":"https:\/\/dariabaeb2b.com\/en\/wp-json\/wp\/v2\/types\/product"}],"replies":[{"embeddable":true,"href":"https:\/\/dariabaeb2b.com\/en\/wp-json\/wp\/v2\/comments?post=7118"}],"wp:featuredmedia":[{"embeddable":true,"href":"https:\/\/dariabaeb2b.com\/en\/wp-json\/wp\/v2\/media\/7122"}],"wp:attachment":[{"href":"https:\/\/dariabaeb2b.com\/en\/wp-json\/wp\/v2\/media?parent=7118"}],"wp:term":[{"taxonomy":"product_brand","embeddable":true,"href":"https:\/\/dariabaeb2b.com\/en\/wp-json\/wp\/v2\/product_brand?post=7118"},{"taxonomy":"product_cat","embeddable":true,"href":"https:\/\/dariabaeb2b.com\/en\/wp-json\/wp\/v2\/product_cat?post=7118"},{"taxonomy":"product_tag","embeddable":true,"href":"https:\/\/dariabaeb2b.com\/en\/wp-json\/wp\/v2\/product_tag?post=7118"}],"curies":[{"name":"wp","href":"https:\/\/api.w.org\/{rel}","templated":true}]}}